{"id":5851,"date":"2025-05-03T12:51:29","date_gmt":"2025-05-03T11:51:29","guid":{"rendered":"https:\/\/monopolele.com\/?page_id=5851"},"modified":"2025-11-18T19:05:58","modified_gmt":"2025-11-18T18:05:58","slug":"offerte","status":"publish","type":"page","link":"https:\/\/monopolele.com\/it\/deals\/","title":{"rendered":"Offerte"},"content":{"rendered":"<div class=\"wpv-view-output\" data-toolset-views-view-editor=\"742fb52fcf83d90f47b311c3c3920743\">\n<div class=\"wp-block-toolset-views-view-editor wpv-gutenberg-view-wrapper-5860\"><div id=\"wpv-view-layout-5860\" class=\"js-wpv-view-layout js-wpv-layout-responsive js-wpv-view-layout-5860\" data-viewnumber=\"5860\" data-pagination=\"{&quot;id&quot;:&quot;5860&quot;,&quot;query&quot;:&quot;normal&quot;,&quot;type&quot;:&quot;disabled&quot;,&quot;effect&quot;:&quot;fade&quot;,&quot;duration&quot;:500,&quot;speed&quot;:5,&quot;pause_on_hover&quot;:&quot;enabled&quot;,&quot;stop_rollover&quot;:&quot;false&quot;,&quot;cache_pages&quot;:&quot;enabled&quot;,&quot;preload_images&quot;:&quot;enabled&quot;,&quot;preload_pages&quot;:&quot;enabled&quot;,&quot;preload_reach&quot;:1,&quot;spinner&quot;:&quot;builtin&quot;,&quot;spinner_image&quot;:&quot;https:\/\/monopolele.com\/wp-content\/plugins\/toolset-blocks\/embedded\/res\/img\/ajax-loader.gif&quot;,&quot;callback_next&quot;:&quot;&quot;,&quot;manage_history&quot;:&quot;enabled&quot;,&quot;has_controls_in_form&quot;:&quot;disabled&quot;,&quot;infinite_tolerance&quot;:&quot;0&quot;,&quot;max_pages&quot;:0,&quot;page&quot;:1,&quot;base_permalink&quot;:&quot;\/it\/wp-json\/wp\/v2\/pages\/5851?wpv_view_count=5860&amp;wpv_paged=WPV_PAGE_NUM&quot;,&quot;loop&quot;:{&quot;type&quot;:&quot;&quot;,&quot;name&quot;:&quot;&quot;,&quot;data&quot;:[],&quot;id&quot;:0}}\" data-permalink=\"\/it\/wp-json\/wp\/v2\/pages\/5851?wpv_view_count=5860\">\n\n\n\n\n\n  <div class=\"negozio\">\n    <div class=\"negozio-top\">\n      <div class=\"negozio-logo\">\n        <img decoding=\"async\" src=\"https:\/\/monopolele.com\/wp-content\/uploads\/2025\/05\/logo@2x-wpcf_150x82.png\" class=\"attachment-custom\" \/>\n      <\/div>\n      <div class=\"negozio-header\">\n        <h3 class=\"negozio-titolo\">Albergo diffuso<\/h3>\n<p>\n  \ud83c\udf10 https:\/\/albergodiffusomonopoli.it\/ \ud83d\udcde +39 080 967 8594 (solo testo)\n<\/p>\n        <div class=\"negozio-sconto\">\ud83c\udf81 10% Sconto utilizzando il codice MONOPOLELE_2025 (minimo due notti)<\/div>\n    <\/div>\n<\/div>\n    <div class=\"negozio-body\">\n      <p class=\"negozio-descrizione\">\n<p>L'Albergo Diffuso Monopoli offre un'esperienza di soggiorno unica nel centro storico di Monopoli, con camere eleganti, suite benessere e appartamenti indipendenti che immergono gli ospiti nell'atmosfera tradizionale della Puglia. Questo tipo di alloggio \u00e8 ideale per chi cerca un soggiorno confortevole e ricco di esperienze autentiche, con servizi di qualit\u00e0 e la possibilit\u00e0 di esplorare le bellezze di Monopoli e della Puglia. Tutti gli interessati possono collegarsi al sito web o inviare una mail di richiesta a info@albergodiffusomonopoli.it indicando il codice di prenotazione MONOPOLELE_2025 per ricevere uno sconto di 10% sulla tariffa finale. Il codice sconto sar\u00e0 applicato a soggiorni di minimo 2 notti.<\/p>\n\n\n\n<p><\/p>\n      <div class=\"negozio-gallery\">\n        <img loading=\"lazy\" decoding=\"async\" width=\"300\" height=\"200\" src=\"https:\/\/monopolele.com\/wp-content\/uploads\/2025\/05\/ad1-300x200.jpg\" class=\"attachment-medium\" alt=\"\" title=\"\" style=\"\" srcset=\"https:\/\/monopolele.com\/wp-content\/uploads\/2025\/05\/ad1-300x200.jpg 300w, https:\/\/monopolele.com\/wp-content\/uploads\/2025\/05\/ad1.jpg 420w\" sizes=\"auto, (max-width: 300px) 100vw, 300px\" \/><img loading=\"lazy\" decoding=\"async\" width=\"300\" height=\"200\" src=\"https:\/\/monopolele.com\/wp-content\/uploads\/2025\/05\/ad4-300x200.jpg\" class=\"attachment-medium\" alt=\"\" title=\"\" style=\"\" srcset=\"https:\/\/monopolele.com\/wp-content\/uploads\/2025\/05\/ad4-300x200.jpg 300w, https:\/\/monopolele.com\/wp-content\/uploads\/2025\/05\/ad4-1024x683.jpg 1024w, https:\/\/monopolele.com\/wp-content\/uploads\/2025\/05\/ad4-768x512.jpg 768w, https:\/\/monopolele.com\/wp-content\/uploads\/2025\/05\/ad4-1536x1025.jpg 1536w, https:\/\/monopolele.com\/wp-content\/uploads\/2025\/05\/ad4-600x400.jpg 600w, https:\/\/monopolele.com\/wp-content\/uploads\/2025\/05\/ad4.jpg 1920w\" sizes=\"auto, (max-width: 300px) 100vw, 300px\" \/><img loading=\"lazy\" decoding=\"async\" width=\"300\" height=\"200\" src=\"https:\/\/monopolele.com\/wp-content\/uploads\/2025\/05\/ad3-300x200.jpg\" class=\"attachment-medium\" alt=\"\" title=\"\" style=\"\" srcset=\"https:\/\/monopolele.com\/wp-content\/uploads\/2025\/05\/ad3-300x200.jpg 300w, https:\/\/monopolele.com\/wp-content\/uploads\/2025\/05\/ad3-1024x683.jpg 1024w, https:\/\/monopolele.com\/wp-content\/uploads\/2025\/05\/ad3-768x512.jpg 768w, https:\/\/monopolele.com\/wp-content\/uploads\/2025\/05\/ad3-1536x1025.jpg 1536w, https:\/\/monopolele.com\/wp-content\/uploads\/2025\/05\/ad3-600x400.jpg 600w, https:\/\/monopolele.com\/wp-content\/uploads\/2025\/05\/ad3.jpg 1920w\" sizes=\"auto, (max-width: 300px) 100vw, 300px\" \/><img loading=\"lazy\" decoding=\"async\" width=\"300\" height=\"200\" src=\"https:\/\/monopolele.com\/wp-content\/uploads\/2025\/05\/ad2-300x200.jpg\" class=\"attachment-medium\" alt=\"\" title=\"\" style=\"\" srcset=\"https:\/\/monopolele.com\/wp-content\/uploads\/2025\/05\/ad2-300x200.jpg 300w, https:\/\/monopolele.com\/wp-content\/uploads\/2025\/05\/ad2-1024x683.jpg 1024w, https:\/\/monopolele.com\/wp-content\/uploads\/2025\/05\/ad2-768x512.jpg 768w, https:\/\/monopolele.com\/wp-content\/uploads\/2025\/05\/ad2-1536x1025.jpg 1536w, https:\/\/monopolele.com\/wp-content\/uploads\/2025\/05\/ad2-600x400.jpg 600w, https:\/\/monopolele.com\/wp-content\/uploads\/2025\/05\/ad2.jpg 1920w\" sizes=\"auto, (max-width: 300px) 100vw, 300px\" \/>\n      <\/div>\n        \n    <\/div>\n  <\/div>\n \n\n  <div class=\"negozio\">\n    <div class=\"negozio-top\">\n      <div class=\"negozio-logo\">\n        <img decoding=\"async\" src=\"https:\/\/monopolele.com\/wp-content\/uploads\/2025\/05\/WhatsApp-Image-2025-04-14-at-11.34.41-1-wpcf_145x150.jpeg\" class=\"attachment-custom\" \/>\n      <\/div>\n      <div class=\"negozio-header\">\n        <h3 class=\"negozio-titolo\">Affittiamo Monopoli<\/h3>\n<p>\n  \ud83c\udf10 https:\/\/lets-rent.it \ud83d\udcde +39 3281511527\n<\/p>\n        <div class=\"negozio-sconto\">\ud83c\udf81 15% su tutti gli affitti. Codice sconto: LETSLELE15<\/div>\n    <\/div>\n<\/div>\n    <div class=\"negozio-body\">\n      <p class=\"negozio-descrizione\">\n<p>Noleggia tutto ci\u00f2 che ti serve (biciclette, tavole da SUP e altro) per goderti appieno il Monopolele Fest! Scrivete su WhatsApp e prenotate la vostra attrezzatura con il codice sconto LETSLELE15 - 15%. Per maggiori informazioni, visitate il nostro sito lets-rent.it<\/p>\n\n\n\n<p><\/p>\n      <div class=\"negozio-gallery\">\n        <img loading=\"lazy\" decoding=\"async\" width=\"300\" height=\"300\" src=\"https:\/\/monopolele.com\/wp-content\/uploads\/2025\/05\/WhatsApp-Image-2025-04-14-at-11.34.41-300x300.jpeg\" class=\"attachment-medium\" alt=\"\" title=\"\" style=\"\" srcset=\"https:\/\/monopolele.com\/wp-content\/uploads\/2025\/05\/WhatsApp-Image-2025-04-14-at-11.34.41-300x300.jpeg 300w, https:\/\/monopolele.com\/wp-content\/uploads\/2025\/05\/WhatsApp-Image-2025-04-14-at-11.34.41-1024x1024.jpeg 1024w, https:\/\/monopolele.com\/wp-content\/uploads\/2025\/05\/WhatsApp-Image-2025-04-14-at-11.34.41-150x150.jpeg 150w, https:\/\/monopolele.com\/wp-content\/uploads\/2025\/05\/WhatsApp-Image-2025-04-14-at-11.34.41-768x768.jpeg 768w, https:\/\/monopolele.com\/wp-content\/uploads\/2025\/05\/WhatsApp-Image-2025-04-14-at-11.34.41-1536x1536.jpeg 1536w, https:\/\/monopolele.com\/wp-content\/uploads\/2025\/05\/WhatsApp-Image-2025-04-14-at-11.34.41-600x600.jpeg 600w, https:\/\/monopolele.com\/wp-content\/uploads\/2025\/05\/WhatsApp-Image-2025-04-14-at-11.34.41-100x100.jpeg 100w, https:\/\/monopolele.com\/wp-content\/uploads\/2025\/05\/WhatsApp-Image-2025-04-14-at-11.34.41.jpeg 1600w\" sizes=\"auto, (max-width: 300px) 100vw, 300px\" \/>\n      <\/div>\n        \n    <\/div>\n  <\/div>\n \n\n  <div class=\"negozio\">\n    <div class=\"negozio-top\">\n      <div class=\"negozio-logo\">\n        <img decoding=\"async\" src=\"https:\/\/monopolele.com\/wp-content\/uploads\/2025\/05\/monholiday-logo-wpcf_150x150.jpeg\" class=\"attachment-custom\" \/>\n      <\/div>\n      <div class=\"negozio-header\">\n        <h3 class=\"negozio-titolo\">Vacanza monotematica<\/h3>\n<p>\n  \ud83c\udf10 https:\/\/www.monholiday.com \ud83d\udcde +39 334 267 2627\n<\/p>\n        <div class=\"negozio-sconto\">\ud83c\udf81 Sconto 15% (minimo 2 notti) con codice MONOPOLELE<\/div>\n    <\/div>\n<\/div>\n    <div class=\"negozio-body\">\n      <p class=\"negozio-descrizione\">\n<p>Monholiday offre un'ampia gamma di alloggi esclusivi in Puglia, tra cui ville, appartamenti e camere, accuratamente selezionati per garantire una qualit\u00e0 superiore. L'azienda promuove luoghi autentici dove la storia incontra la modernit\u00e0, offrendo prezzi vantaggiosi per chi prenota direttamente. L'accordo per Monopolele prevede uno sconto di 15% su queste propriet\u00e0 uniche, favorendo l'esplorazione delle meraviglie della regione con un ottimo rapporto qualit\u00e0-prezzo. Il codice sconto \u00e8 MONOPOLELE ed \u00e8 valido dal 20\/05\/25 al 05\/06\/25 per soggiorni di almeno 2 notti sul sito www.monholiday.com.<\/p>\n\n\n\n<p><\/p>\n      <div class=\"negozio-gallery\">\n        <img loading=\"lazy\" decoding=\"async\" width=\"300\" height=\"169\" src=\"https:\/\/monopolele.com\/wp-content\/uploads\/2025\/05\/mh1-300x169.jpg\" class=\"attachment-medium\" alt=\"\" title=\"\" style=\"\" srcset=\"https:\/\/monopolele.com\/wp-content\/uploads\/2025\/05\/mh1-300x169.jpg 300w, https:\/\/monopolele.com\/wp-content\/uploads\/2025\/05\/mh1-1024x576.jpg 1024w, https:\/\/monopolele.com\/wp-content\/uploads\/2025\/05\/mh1-768x432.jpg 768w, https:\/\/monopolele.com\/wp-content\/uploads\/2025\/05\/mh1-1536x864.jpg 1536w, https:\/\/monopolele.com\/wp-content\/uploads\/2025\/05\/mh1-600x338.jpg 600w, https:\/\/monopolele.com\/wp-content\/uploads\/2025\/05\/mh1.jpg 2048w\" sizes=\"auto, (max-width: 300px) 100vw, 300px\" \/><img loading=\"lazy\" decoding=\"async\" width=\"300\" height=\"169\" src=\"https:\/\/monopolele.com\/wp-content\/uploads\/2025\/05\/mh3-300x169.jpg\" class=\"attachment-medium\" alt=\"\" title=\"\" style=\"\" srcset=\"https:\/\/monopolele.com\/wp-content\/uploads\/2025\/05\/mh3-300x169.jpg 300w, https:\/\/monopolele.com\/wp-content\/uploads\/2025\/05\/mh3-1024x576.jpg 1024w, https:\/\/monopolele.com\/wp-content\/uploads\/2025\/05\/mh3-768x432.jpg 768w, https:\/\/monopolele.com\/wp-content\/uploads\/2025\/05\/mh3-1536x864.jpg 1536w, https:\/\/monopolele.com\/wp-content\/uploads\/2025\/05\/mh3-600x338.jpg 600w, https:\/\/monopolele.com\/wp-content\/uploads\/2025\/05\/mh3.jpg 2048w\" sizes=\"auto, (max-width: 300px) 100vw, 300px\" \/><img loading=\"lazy\" decoding=\"async\" width=\"300\" height=\"169\" src=\"https:\/\/monopolele.com\/wp-content\/uploads\/2025\/05\/mh2-300x169.jpg\" class=\"attachment-medium\" alt=\"\" title=\"\" style=\"\" srcset=\"https:\/\/monopolele.com\/wp-content\/uploads\/2025\/05\/mh2-300x169.jpg 300w, https:\/\/monopolele.com\/wp-content\/uploads\/2025\/05\/mh2-1024x576.jpg 1024w, https:\/\/monopolele.com\/wp-content\/uploads\/2025\/05\/mh2-768x432.jpg 768w, https:\/\/monopolele.com\/wp-content\/uploads\/2025\/05\/mh2-1536x864.jpg 1536w, https:\/\/monopolele.com\/wp-content\/uploads\/2025\/05\/mh2-600x338.jpg 600w, https:\/\/monopolele.com\/wp-content\/uploads\/2025\/05\/mh2.jpg 2048w\" sizes=\"auto, (max-width: 300px) 100vw, 300px\" \/>\n      <\/div>\n        \n    <\/div>\n  <\/div>\n \n\n  <div class=\"negozio\">\n    <div class=\"negozio-top\">\n      <div class=\"negozio-logo\">\n        <img decoding=\"async\" src=\"https:\/\/monopolele.com\/wp-content\/uploads\/2025\/05\/munzmunz-copy-wpcf_150x147.jpg\" class=\"attachment-custom\" \/>\n      <\/div>\n      <div class=\"negozio-header\">\n        <h3 class=\"negozio-titolo\">Munz Munz<\/h3>\n<p>\n  \ud83c\udf10 https:\/\/www.facebook.com\/MunzMunzBiostrot\/ \ud83d\udcde +39 080 403 7075\n<\/p>\n        <div class=\"negozio-sconto\">\ud83c\udf81 10% but don't forget to book your table in advance!<\/div>\n    <\/div>\n<\/div>\n    <div class=\"negozio-body\">\n      <p class=\"negozio-descrizione\">\n<p>Godetevi il cibo cruelty free e completamente vegano di Munz Munz BiOstrot con uno sconto speciale 10%! Essendo un locale piccolo e accogliente, \u00e8 meglio prenotare il proprio posto...<\/p>\n      <div class=\"negozio-gallery\">\n        <img loading=\"lazy\" decoding=\"async\" width=\"300\" height=\"225\" src=\"https:\/\/monopolele.com\/wp-content\/uploads\/2025\/05\/munz1-300x225.webp\" class=\"attachment-medium\" alt=\"\" title=\"\" style=\"\" srcset=\"https:\/\/monopolele.com\/wp-content\/uploads\/2025\/05\/munz1-300x225.webp 300w, https:\/\/monopolele.com\/wp-content\/uploads\/2025\/05\/munz1-1024x768.webp 1024w, https:\/\/monopolele.com\/wp-content\/uploads\/2025\/05\/munz1-768x576.webp 768w, https:\/\/monopolele.com\/wp-content\/uploads\/2025\/05\/munz1-600x450.webp 600w, https:\/\/monopolele.com\/wp-content\/uploads\/2025\/05\/munz1.webp 1360w\" sizes=\"auto, (max-width: 300px) 100vw, 300px\" \/><img loading=\"lazy\" decoding=\"async\" width=\"300\" height=\"169\" src=\"https:\/\/monopolele.com\/wp-content\/uploads\/2025\/05\/Munz2-300x169.webp\" class=\"attachment-medium\" alt=\"\" title=\"\" style=\"\" srcset=\"https:\/\/monopolele.com\/wp-content\/uploads\/2025\/05\/Munz2-300x169.webp 300w, https:\/\/monopolele.com\/wp-content\/uploads\/2025\/05\/Munz2-1024x576.webp 1024w, https:\/\/monopolele.com\/wp-content\/uploads\/2025\/05\/Munz2-768x432.webp 768w, https:\/\/monopolele.com\/wp-content\/uploads\/2025\/05\/Munz2-600x338.webp 600w, https:\/\/monopolele.com\/wp-content\/uploads\/2025\/05\/Munz2.webp 1360w\" sizes=\"auto, (max-width: 300px) 100vw, 300px\" \/><img loading=\"lazy\" decoding=\"async\" width=\"200\" height=\"300\" src=\"https:\/\/monopolele.com\/wp-content\/uploads\/2025\/05\/munz3-200x300.webp\" class=\"attachment-medium\" alt=\"\" title=\"\" style=\"\" srcset=\"https:\/\/monopolele.com\/wp-content\/uploads\/2025\/05\/munz3-200x300.webp 200w, https:\/\/monopolele.com\/wp-content\/uploads\/2025\/05\/munz3-600x900.webp 600w, https:\/\/monopolele.com\/wp-content\/uploads\/2025\/05\/munz3.webp 680w\" sizes=\"auto, (max-width: 200px) 100vw, 200px\" \/>\n      <\/div>\n        \n    <\/div>\n  <\/div>\n \n\n\n\n\n\n\n<\/div>\n<\/div>\n<\/div>","protected":false},"excerpt":{"rendered":"","protected":false},"author":1,"featured_media":0,"parent":0,"menu_order":0,"comment_status":"closed","ping_status":"closed","template":"","meta":{"_seopress_robots_primary_cat":"","_seopress_titles_title":"","_seopress_titles_desc":"","_seopress_robots_index":"yes","_uag_custom_page_level_css":"","_monsterinsights_skip_tracking":false,"_monsterinsights_sitenote_active":false,"_monsterinsights_sitenote_note":"","_monsterinsights_sitenote_category":0,"site-sidebar-layout":"default","site-content-layout":"","ast-site-content-layout":"","site-content-style":"default","site-sidebar-style":"default","ast-global-header-display":"","ast-banner-title-visibility":"","ast-main-header-display":"","ast-hfb-above-header-display":"","ast-hfb-below-header-display":"","ast-hfb-mobile-header-display":"","site-post-title":"","ast-breadcrumbs-content":"","ast-featured-img":"","footer-sml-layout":"","ast-disable-related-posts":"","theme-transparent-header-meta":"","adv-header-id-meta":"","stick-header-meta":"","header-above-stick-meta":"","header-main-stick-meta":"","header-below-stick-meta":"","astra-migrate-meta-layouts":"default","ast-page-background-enabled":"default","ast-page-background-meta":{"desktop":{"background-color":"var(--ast-global-color-4)","background-image":"","background-repeat":"repeat","background-position":"center center","background-size":"auto","background-attachment":"scroll","background-type":"","background-media":"","overlay-type":"","overlay-color":"","overlay-opacity":"","overlay-gradient":""},"tablet":{"background-color":"","background-image":"","background-repeat":"repeat","background-position":"center center","background-size":"auto","background-attachment":"scroll","background-type":"","background-media":"","overlay-type":"","overlay-color":"","overlay-opacity":"","overlay-gradient":""},"mobile":{"background-color":"","background-image":"","background-repeat":"repeat","background-position":"center center","background-size":"auto","background-attachment":"scroll","background-type":"","background-media":"","overlay-type":"","overlay-color":"","overlay-opacity":"","overlay-gradient":""}},"ast-content-background-meta":{"desktop":{"background-color":"var(--ast-global-color-5)","background-image":"","background-repeat":"repeat","background-position":"center center","background-size":"auto","background-attachment":"scroll","background-type":"","background-media":"","overlay-type":"","overlay-color":"","overlay-opacity":"","overlay-gradient":""},"tablet":{"background-color":"var(--ast-global-color-5)","background-image":"","background-repeat":"repeat","background-position":"center center","background-size":"auto","background-attachment":"scroll","background-type":"","background-media":"","overlay-type":"","overlay-color":"","overlay-opacity":"","overlay-gradient":""},"mobile":{"background-color":"var(--ast-global-color-5)","background-image":"","background-repeat":"repeat","background-position":"center center","background-size":"auto","background-attachment":"scroll","background-type":"","background-media":"","overlay-type":"","overlay-color":"","overlay-opacity":"","overlay-gradient":""}},"footnotes":""},"class_list":["post-5851","page","type-page","status-publish","hentry"],"spectra_custom_meta":{"_wpv_contains_gutenberg_views":["[5860]"],"_edit_lock":["1763489158:1"],"_uag_custom_page_level_css":[""],"_monsterinsights_skip_tracking":[""],"_monsterinsights_sitenote_active":[""],"site-sidebar-layout":["default"],"site-content-layout":[""],"ast-site-content-layout":[""],"site-content-style":["default"],"site-sidebar-style":["default"],"ast-global-header-display":[""],"ast-banner-title-visibility":[""],"ast-main-header-display":[""],"ast-hfb-above-header-display":[""],"ast-hfb-below-header-display":[""],"ast-hfb-mobile-header-display":[""],"site-post-title":[""],"ast-breadcrumbs-content":[""],"ast-featured-img":[""],"footer-sml-layout":[""],"theme-transparent-header-meta":[""],"adv-header-id-meta":[""],"stick-header-meta":[""],"header-above-stick-meta":[""],"header-main-stick-meta":[""],"header-below-stick-meta":[""],"astra-migrate-meta-layouts":["default"],"ast-page-background-enabled":["default"],"ast-page-background-meta":["a:3:{s:7:\"desktop\";a:12:{s:16:\"background-color\";s:25:\"var(--ast-global-color-4)\";s:16:\"background-image\";s:0:\"\";s:17:\"background-repeat\";s:6:\"repeat\";s:19:\"background-position\";s:13:\"center center\";s:15:\"background-size\";s:4:\"auto\";s:21:\"background-attachment\";s:6:\"scroll\";s:15:\"background-type\";s:0:\"\";s:16:\"background-media\";s:0:\"\";s:12:\"overlay-type\";s:0:\"\";s:13:\"overlay-color\";s:0:\"\";s:15:\"overlay-opacity\";s:0:\"\";s:16:\"overlay-gradient\";s:0:\"\";}s:6:\"tablet\";a:12:{s:16:\"background-color\";s:0:\"\";s:16:\"background-image\";s:0:\"\";s:17:\"background-repeat\";s:6:\"repeat\";s:19:\"background-position\";s:13:\"center center\";s:15:\"background-size\";s:4:\"auto\";s:21:\"background-attachment\";s:6:\"scroll\";s:15:\"background-type\";s:0:\"\";s:16:\"background-media\";s:0:\"\";s:12:\"overlay-type\";s:0:\"\";s:13:\"overlay-color\";s:0:\"\";s:15:\"overlay-opacity\";s:0:\"\";s:16:\"overlay-gradient\";s:0:\"\";}s:6:\"mobile\";a:12:{s:16:\"background-color\";s:0:\"\";s:16:\"background-image\";s:0:\"\";s:17:\"background-repeat\";s:6:\"repeat\";s:19:\"background-position\";s:13:\"center center\";s:15:\"background-size\";s:4:\"auto\";s:21:\"background-attachment\";s:6:\"scroll\";s:15:\"background-type\";s:0:\"\";s:16:\"background-media\";s:0:\"\";s:12:\"overlay-type\";s:0:\"\";s:13:\"overlay-color\";s:0:\"\";s:15:\"overlay-opacity\";s:0:\"\";s:16:\"overlay-gradient\";s:0:\"\";}}"],"ast-content-background-meta":["a:3:{s:7:\"desktop\";a:12:{s:16:\"background-color\";s:25:\"var(--ast-global-color-5)\";s:16:\"background-image\";s:0:\"\";s:17:\"background-repeat\";s:6:\"repeat\";s:19:\"background-position\";s:13:\"center center\";s:15:\"background-size\";s:4:\"auto\";s:21:\"background-attachment\";s:6:\"scroll\";s:15:\"background-type\";s:0:\"\";s:16:\"background-media\";s:0:\"\";s:12:\"overlay-type\";s:0:\"\";s:13:\"overlay-color\";s:0:\"\";s:15:\"overlay-opacity\";s:0:\"\";s:16:\"overlay-gradient\";s:0:\"\";}s:6:\"tablet\";a:12:{s:16:\"background-color\";s:25:\"var(--ast-global-color-5)\";s:16:\"background-image\";s:0:\"\";s:17:\"background-repeat\";s:6:\"repeat\";s:19:\"background-position\";s:13:\"center center\";s:15:\"background-size\";s:4:\"auto\";s:21:\"background-attachment\";s:6:\"scroll\";s:15:\"background-type\";s:0:\"\";s:16:\"background-media\";s:0:\"\";s:12:\"overlay-type\";s:0:\"\";s:13:\"overlay-color\";s:0:\"\";s:15:\"overlay-opacity\";s:0:\"\";s:16:\"overlay-gradient\";s:0:\"\";}s:6:\"mobile\";a:12:{s:16:\"background-color\";s:25:\"var(--ast-global-color-5)\";s:16:\"background-image\";s:0:\"\";s:17:\"background-repeat\";s:6:\"repeat\";s:19:\"background-position\";s:13:\"center center\";s:15:\"background-size\";s:4:\"auto\";s:21:\"background-attachment\";s:6:\"scroll\";s:15:\"background-type\";s:0:\"\";s:16:\"background-media\";s:0:\"\";s:12:\"overlay-type\";s:0:\"\";s:13:\"overlay-color\";s:0:\"\";s:15:\"overlay-opacity\";s:0:\"\";s:16:\"overlay-gradient\";s:0:\"\";}}"],"footnotes":[""],"_oembed_70cd32e24cb929db731f30cfbfdc6081":["{{unknown}}"],"_edit_last":["1"],"_seopress_redirections_type":["301"],"_seopress_redirections_logged_status":["both"],"_seopress_analysis_target_kw":[""],"_oembed_ef65d1f1c0475f230bde7818ae659e4d":["{{unknown}}"],"_seopress_titles_title":[""],"_seopress_titles_desc":[""],"_seopress_robots_index":["yes"],"_uag_css_file_name":["uag-css-5851.css"],"_uag_page_assets":["a:9:{s:3:\"css\";s:263:\".uag-blocks-common-selector{z-index:var(--z-index-desktop) !important}@media (max-width: 976px){.uag-blocks-common-selector{z-index:var(--z-index-tablet) !important}}@media (max-width: 767px){.uag-blocks-common-selector{z-index:var(--z-index-mobile) !important}}\n\";s:2:\"js\";s:0:\"\";s:18:\"current_block_list\";a:8:{i:0;s:25:\"toolset-views\/view-editor\";i:1;s:11:\"core\/search\";i:2;s:10:\"core\/group\";i:3;s:12:\"core\/heading\";i:4;s:17:\"core\/latest-posts\";i:5;s:20:\"core\/latest-comments\";i:6;s:13:\"core\/archives\";i:7;s:15:\"core\/categories\";}s:8:\"uag_flag\";b:0;s:11:\"uag_version\";i:1777379115;s:6:\"gfonts\";a:1:{s:7:\"Default\";a:2:{s:10:\"fontfamily\";s:7:\"Default\";s:12:\"fontvariants\";a:0:{}}}s:10:\"gfonts_url\";s:0:\"\";s:12:\"gfonts_files\";a:0:{}s:14:\"uag_faq_layout\";b:0;}"]},"uagb_featured_image_src":{"full":false,"thumbnail":false,"medium":false,"medium_large":false,"large":false,"1536x1536":false,"2048x2048":false,"trp-custom-language-flag":false,"woocommerce_thumbnail":false,"woocommerce_single":false,"woocommerce_gallery_thumbnail":false},"uagb_author_info":{"display_name":"admin","author_link":"https:\/\/monopolele.com\/it\/author\/admin\/"},"uagb_comment_info":0,"uagb_excerpt":null,"_links":{"self":[{"href":"https:\/\/monopolele.com\/it\/wp-json\/wp\/v2\/pages\/5851","targetHints":{"allow":["GET"]}}],"collection":[{"href":"https:\/\/monopolele.com\/it\/wp-json\/wp\/v2\/pages"}],"about":[{"href":"https:\/\/monopolele.com\/it\/wp-json\/wp\/v2\/types\/page"}],"author":[{"embeddable":true,"href":"https:\/\/monopolele.com\/it\/wp-json\/wp\/v2\/users\/1"}],"replies":[{"embeddable":true,"href":"https:\/\/monopolele.com\/it\/wp-json\/wp\/v2\/comments?post=5851"}],"version-history":[{"count":5,"href":"https:\/\/monopolele.com\/it\/wp-json\/wp\/v2\/pages\/5851\/revisions"}],"predecessor-version":[{"id":5868,"href":"https:\/\/monopolele.com\/it\/wp-json\/wp\/v2\/pages\/5851\/revisions\/5868"}],"wp:attachment":[{"href":"https:\/\/monopolele.com\/it\/wp-json\/wp\/v2\/media?parent=5851"}],"curies":[{"name":"wp","href":"https:\/\/api.w.org\/{rel}","templated":true}]}}