{"id":5221,"date":"2025-03-09T11:39:31","date_gmt":"2025-03-09T10:39:31","guid":{"rendered":"https:\/\/monopolele.com\/product\/monopolele-2024-unisex-organic-cotton-t-shirt\/"},"modified":"2025-05-01T20:33:31","modified_gmt":"2025-05-01T19:33:31","slug":"monopolele-2024-t-shirt-unisex-in-cotone-biologico","status":"publish","type":"product","link":"https:\/\/monopolele.com\/it\/product\/monopolele-2024-unisex-organic-cotton-t-shirt\/","title":{"rendered":"Monopolele 2024 - Maglietta unisex in cotone biologico"},"content":{"rendered":"<p>Realizzata in cotone organico ring-spun 100%, questa t-shirt unisex \u00e8 un must-have assoluto. \u00c8 di alta qualit\u00e0, super confortevole e soprattutto ecologica.<\/p>\n<p>- 100% cotone organico filato ad anelli<br \/>\n- Peso del tessuto: 5,3 oz.\/yd.\u00b2 (180 g\/m\u00b2)<br \/>\n- Maglia singola<br \/>\n- Vestibilit\u00e0 media<br \/>\n- Manicotti a incastro<br \/>\n- 1 \u00d7 1 costola sul colletto<br \/>\n- Ampia impuntura a doppio ago su maniche e orli inferiori<br \/>\n- Nastro autoadesivo per il collo (interno, parte posteriore del collo)<br \/>\n- Prodotto vuoto proveniente dal Bangladesh<\/p>\n<p>Le taglie corrispondono a una taglia pi\u00f9 piccola nel mercato statunitense, quindi i clienti americani dovrebbero ordinare una taglia in pi\u00f9.<\/p>\n<p>Questo prodotto viene realizzato appositamente per voi non appena effettuate l'ordine, per questo ci vuole un po' pi\u00f9 di tempo per consegnarvelo. La produzione di prodotti su richiesta invece che all'ingrosso aiuta a ridurre la sovrapproduzione, quindi vi ringraziamo per le vostre scelte di acquisto ponderate!<\/p>\n<p>Limiti di et\u00e0: Per gli adulti<br \/>\nGaranzia UE: 2 anni<br \/>\nAltre informazioni sulla conformit\u00e0: Soddisfa i requisiti REACH dell'UE.<\/p>\n<p>In conformit\u00e0 con il Regolamento generale sulla sicurezza dei prodotti (GPSR), <b>Associazione Voltare Pagina ETS<\/b> garantisce che tutti i prodotti di consumo offerti siano sicuri e conformi agli standard dell'UE. Per qualsiasi richiesta o dubbio relativo alla sicurezza dei prodotti, contattateci all'indirizzo <b>mauro@voltarepagina.org<\/b> o scriveteci <b>Via Zacchia 7, 00161 Roma, Italia.<b><\/b><\/b><\/p>","protected":false},"excerpt":{"rendered":"<p>Made from 100% organic ring-spun cotton, this unisex t-shirt is a total must-have. It&#8217;s high-quality, super comfy, and best of [&hellip;]<\/p>\n","protected":false},"featured_media":5240,"template":"","meta":{"_seopress_robots_primary_cat":"none","_seopress_titles_title":"","_seopress_titles_desc":"","_seopress_robots_index":"","_uag_custom_page_level_css":"","_monsterinsights_skip_tracking":false,"_monsterinsights_sitenote_active":false,"_monsterinsights_sitenote_note":"","_monsterinsights_sitenote_category":0,"site-sidebar-layout":"default","site-content-layout":"","ast-site-content-layout":"default","site-content-style":"default","site-sidebar-style":"default","ast-global-header-display":"","ast-banner-title-visibility":"","ast-main-header-display":"","ast-hfb-above-header-display":"","ast-hfb-below-header-display":"","ast-hfb-mobile-header-display":"","site-post-title":"","ast-breadcrumbs-content":"","ast-featured-img":"","footer-sml-layout":"","ast-disable-related-posts":"","theme-transparent-header-meta":"default","adv-header-id-meta":"","stick-header-meta":"","header-above-stick-meta":"","header-main-stick-meta":"","header-below-stick-meta":"","astra-migrate-meta-layouts":"set","ast-page-background-enabled":"default","ast-page-background-meta":{"desktop":{"background-color":"var(--ast-global-color-4)","background-image":"","background-repeat":"repeat","background-position":"center center","background-size":"auto","background-attachment":"scroll","background-type":"","background-media":"","overlay-type":"","overlay-color":"","overlay-opacity":"","overlay-gradient":""},"tablet":{"background-color":"","background-image":"","background-repeat":"repeat","background-position":"center center","background-size":"auto","background-attachment":"scroll","background-type":"","background-media":"","overlay-type":"","overlay-color":"","overlay-opacity":"","overlay-gradient":""},"mobile":{"background-color":"","background-image":"","background-repeat":"repeat","background-position":"center center","background-size":"auto","background-attachment":"scroll","background-type":"","background-media":"","overlay-type":"","overlay-color":"","overlay-opacity":"","overlay-gradient":""}},"ast-content-background-meta":{"desktop":{"background-color":"var(--ast-global-color-5)","background-image":"","background-repeat":"repeat","background-position":"center center","background-size":"auto","background-attachment":"scroll","background-type":"","background-media":"","overlay-type":"","overlay-color":"","overlay-opacity":"","overlay-gradient":""},"tablet":{"background-color":"var(--ast-global-color-5)","background-image":"","background-repeat":"repeat","background-position":"center center","background-size":"auto","background-attachment":"scroll","background-type":"","background-media":"","overlay-type":"","overlay-color":"","overlay-opacity":"","overlay-gradient":""},"mobile":{"background-color":"var(--ast-global-color-5)","background-image":"","background-repeat":"repeat","background-position":"center center","background-size":"auto","background-attachment":"scroll","background-type":"","background-media":"","overlay-type":"","overlay-color":"","overlay-opacity":"","overlay-gradient":""}}},"product_brand":[],"product_cat":[192],"product_tag":[],"class_list":{"0":"post-5221","1":"product","2":"type-product","3":"status-publish","4":"has-post-thumbnail","6":"product_cat-shirts","7":"desktop-align-left","8":"tablet-align-left","9":"mobile-align-left","11":"first","12":"instock","13":"shipping-taxable","14":"purchasable","15":"product-type-variable","16":"has-default-attributes"},"spectra_custom_meta":{"_wpv_contains_gutenberg_views":[""],"total_sales":["5"],"_tax_status":["taxable"],"_tax_class":[""],"_manage_stock":["no"],"_backorders":["no"],"_sold_individually":["no"],"_virtual":["no"],"_downloadable":["no"],"_download_limit":["-1"],"_download_expiry":["-1"],"_stock":[null],"_stock_status":["instock"],"_wc_average_rating":["0"],"_wc_review_count":["0"],"_product_attributes":["a:2:{s:8:\"pa_color\";a:6:{s:4:\"name\";s:8:\"pa_color\";s:5:\"value\";s:0:\"\";s:8:\"position\";i:0;s:10:\"is_visible\";i:0;s:12:\"is_variation\";i:1;s:11:\"is_taxonomy\";i:1;}s:7:\"pa_size\";a:6:{s:4:\"name\";s:7:\"pa_size\";s:5:\"value\";s:0:\"\";s:8:\"position\";i:0;s:10:\"is_visible\";i:0;s:12:\"is_variation\";i:1;s:11:\"is_taxonomy\";i:1;}}"],"_product_version":["9.7.0"],"pf_advanced_size_chart":["{\"locale\":\"en_US\",\"availableSizes\":[\"S\",\"M\",\"L\",\"XL\",\"2XL\",\"3XL\",\"4XL\",\"5XL\"],\"modelMeasurements\":{\"description\":\"<p>Measurements are provided by suppliers.US customers should order a size up as the EU sizes for this supplier correspond to a smaller size in the US market.<\\\/p>\\n<p>Product measurements may vary by up to 2\\\" (5 cm).&nbsp;<\\\/p>\",\"imageDescription\":\"<p><strong><strong>A Length<\\\/strong><\\\/strong><\\\/p>\\n<p dir=\\\"ltr\\\">Place the end of the tape beside the collar at the top of the tee (Highest Point Shoulder). Pull the tape measure to the bottom of the shirt.<\\\/p>\\n<p><strong>B Chest<\\\/strong><\\\/p>\\n<p dir=\\\"ltr\\\">Measure yourself around the fullest part of your chest. Keep the tape measure horizontal.&nbsp;<\\\/p>\\n<p><strong>C Sleeve length<\\\/strong><\\\/p>\\n<p>Place one end of the tape at the top of the set-in sleeve, then pull the tape down until you reach the hem of the sleeve.<\\\/p>\",\"modelDescription\":\"\",\"sizeTableDescription\":\"Product measurements may vary by up to 2\\\" (5 cm).\",\"sizeTableRows\":[{\"unit\":\"centimeter\",\"unitName\":\"Centimeters\",\"title\":\"Length\",\"sizes\":{\"S\":[69],\"M\":[73],\"L\":[75],\"XL\":[77],\"2XL\":[79],\"3XL\":[81],\"4XL\":[83],\"5XL\":[84]}},{\"unit\":\"inch\",\"unitName\":\"Inches\",\"title\":\"Length\",\"sizes\":{\"S\":[27.16499999999999914734871708787977695465087890625],\"M\":[28.739999999999998436805981327779591083526611328125],\"L\":[29.52799999999999869260136620141565799713134765625],\"XL\":[30.315000000000001278976924368180334568023681640625],\"2XL\":[31.102000000000000312638803734444081783294677734375],\"3XL\":[31.8900000000000005684341886080801486968994140625],\"4XL\":[32.67699999999999960209606797434389591217041015625],\"5XL\":[33.070999999999997953636921010911464691162109375]}},{\"unit\":\"inch\",\"unitName\":\"Inches\",\"title\":\"Chest\",\"sizes\":{\"S\":[31,34],\"M\":[35,38],\"L\":[39,41],\"XL\":[42,45],\"2XL\":[46,48],\"3XL\":[49,51],\"4XL\":[52,54],\"5XL\":[55,57]}},{\"unit\":\"centimeter\",\"unitName\":\"Centimeters\",\"title\":\"Chest\",\"sizes\":{\"S\":[78.7399999999999948840923025272786617279052734375,86.3599999999999994315658113919198513031005859375],\"M\":[88.900000000000005684341886080801486968994140625,96.5199999999999960209606797434389591217041015625],\"L\":[99.06000000000000227373675443232059478759765625,104.1400000000000005684341886080801486968994140625],\"XL\":[106.68000000000000682121026329696178436279296875,114.2999999999999971578290569595992565155029296875],\"2XL\":[116.840000000000003410605131648480892181396484375,121.9200000000000017053025658242404460906982421875],\"3XL\":[124.4599999999999937472239253111183643341064453125,129.539999999999992041921359486877918243408203125],\"4XL\":[132.080000000000012505552149377763271331787109375,137.159999999999996589394868351519107818603515625],\"5XL\":[139.69999999999998863131622783839702606201171875,144.780000000000001136868377216160297393798828125]}},{\"unit\":\"centimeter\",\"unitName\":\"Centimeters\",\"title\":\"Sleeve length\",\"sizes\":{\"S\":[22.5],\"M\":[24],\"L\":[24.5],\"XL\":[25],\"2XL\":[25.5],\"3XL\":[26],\"4XL\":[26],\"5XL\":[26]}},{\"unit\":\"inch\",\"unitName\":\"Inches\",\"title\":\"Sleeve length\",\"sizes\":{\"S\":[8.858000000000000540012479177676141262054443359375],\"M\":[9.4489999999999998436805981327779591083526611328125],\"L\":[9.6460000000000007958078640513122081756591796875],\"XL\":[9.842999999999999971578290569595992565155029296875],\"2XL\":[10.0389999999999997015720509807579219341278076171875],\"3XL\":[10.236000000000000653699316899292171001434326171875],\"4XL\":[10.236000000000000653699316899292171001434326171875],\"5XL\":[10.236000000000000653699316899292171001434326171875]}}],\"imageId\":5222},\"productMeasurements\":{\"description\":\"<p>Measurements are provided by suppliers.US customers should order a size up as the EU sizes for this supplier correspond to a smaller size in the US market.<\\\/p>\\n<p>Product measurements may vary by up to 2\\\" (5 cm).&nbsp;<\\\/p>\",\"imageDescription\":\"<p><strong><strong>A Length<\\\/strong><\\\/strong><\\\/p>\\n<p dir=\\\"ltr\\\">Place the end of the tape beside the collar at the top of the tee (Highest Point Shoulder). Pull the tape measure to the bottom of the shirt.<\\\/p>\\n<p><strong>B Chest<\\\/strong><\\\/p>\\n<p dir=\\\"ltr\\\">Measure yourself around the fullest part of your chest. Keep the tape measure horizontal.&nbsp;<\\\/p>\\n<p><strong>C Sleeve length<\\\/strong><\\\/p>\\n<p>Place one end of the tape at the top of the set-in sleeve, then pull the tape down until you reach the hem of the sleeve.<\\\/p>\",\"sizeTableDescription\":\"Product measurements may vary by up to 2\\\" (5 cm).\",\"internationalSizeTableDescription\":\"\",\"sizeTableRows\":[{\"unit\":\"centimeter\",\"unitName\":\"Centimeters\",\"title\":\"Length\",\"sizes\":{\"S\":[69],\"M\":[73],\"L\":[75],\"XL\":[77],\"2XL\":[79],\"3XL\":[81],\"4XL\":[83],\"5XL\":[84]}},{\"unit\":\"inch\",\"unitName\":\"Inches\",\"title\":\"Length\",\"sizes\":{\"S\":[27.16499999999999914734871708787977695465087890625],\"M\":[28.739999999999998436805981327779591083526611328125],\"L\":[29.52799999999999869260136620141565799713134765625],\"XL\":[30.315000000000001278976924368180334568023681640625],\"2XL\":[31.102000000000000312638803734444081783294677734375],\"3XL\":[31.8900000000000005684341886080801486968994140625],\"4XL\":[32.67699999999999960209606797434389591217041015625],\"5XL\":[33.070999999999997953636921010911464691162109375]}},{\"unit\":\"centimeter\",\"unitName\":\"Centimeters\",\"title\":\"Width\",\"sizes\":{\"S\":[49.5],\"M\":[53.5],\"L\":[56.5],\"XL\":[59.5],\"2XL\":[63.5],\"3XL\":[67.5],\"4XL\":[72.5],\"5XL\":[77.5]}},{\"unit\":\"inch\",\"unitName\":\"Inches\",\"title\":\"Width\",\"sizes\":{\"S\":[19.48799999999999954525264911353588104248046875],\"M\":[21.062999999999998834709913353435695171356201171875],\"L\":[22.243999999999999772626324556767940521240234375],\"XL\":[23.425000000000000710542735760100185871124267578125],\"2XL\":[25],\"3XL\":[26.574999999999999289457264239899814128875732421875],\"4XL\":[28.54299999999999926103555480949580669403076171875],\"5XL\":[30.51200000000000045474735088646411895751953125]}},{\"unit\":\"centimeter\",\"unitName\":\"Centimeters\",\"title\":\"Sleeve length\",\"sizes\":{\"S\":[22.5],\"M\":[24],\"L\":[24.5],\"XL\":[25],\"2XL\":[25.5],\"3XL\":[26],\"4XL\":[26],\"5XL\":[26]}},{\"unit\":\"inch\",\"unitName\":\"Inches\",\"title\":\"Sleeve length\",\"sizes\":{\"S\":[8.858000000000000540012479177676141262054443359375],\"M\":[9.4489999999999998436805981327779591083526611328125],\"L\":[9.6460000000000007958078640513122081756591796875],\"XL\":[9.842999999999999971578290569595992565155029296875],\"2XL\":[10.0389999999999997015720509807579219341278076171875],\"3XL\":[10.236000000000000653699316899292171001434326171875],\"4XL\":[10.236000000000000653699316899292171001434326171875],\"5XL\":[10.236000000000000653699316899292171001434326171875]}}],\"internationalSizeTableRows\":[],\"imageId\":5223}}"],"_product_image_gallery":["5241,5242,5243,5244,5245,5246,5247,5248,5249,5251,5253,5255,5257,5259,5260,5262,5264,5266,5267,5268,5269,5270,5271,5272,5273,5274,5275,5276,5277,5278,5279,5785,5786,5787,5788,5789,5790,5791,5792,5793,5794,5795,5796,5797,5798,5799,5800,5801,5802,5803,5804,5805,5806,5807,5808,5809,5810,5811,5812,5813,5814,5815,5816"],"_thumbnail_id":["5240"],"_edit_lock":["1741614942:1"],"_edit_last":["1"],"_monsterinsights_sitenote_active":["0"],"_seopress_robots_primary_cat":["none"],"_seopress_redirections_type":["301"],"_seopress_redirections_logged_status":["both"],"_seopress_analysis_target_kw":[""],"site-sidebar-layout":["default"],"ast-site-content-layout":["default"],"site-content-style":["default"],"site-sidebar-style":["default"],"theme-transparent-header-meta":["default"],"astra-migrate-meta-layouts":["set"],"_default_attributes":["a:2:{s:8:\"pa_color\";s:5:\"black\";s:7:\"pa_size\";s:1:\"l\";}"],"_price":["20"],"_uag_css_file_name":["uag-css-5221.css"],"_uag_page_assets":["a:9:{s:3:\"css\";s:0:\"\";s:2:\"js\";s:0:\"\";s:18:\"current_block_list\";a:7:{i:0;s:11:\"core\/search\";i:1;s:10:\"core\/group\";i:2;s:12:\"core\/heading\";i:3;s:17:\"core\/latest-posts\";i:4;s:20:\"core\/latest-comments\";i:5;s:13:\"core\/archives\";i:6;s:15:\"core\/categories\";}s:8:\"uag_flag\";b:0;s:11:\"uag_version\";s:10:\"1776237657\";s:6:\"gfonts\";a:1:{s:7:\"Default\";a:2:{s:10:\"fontfamily\";s:7:\"Default\";s:12:\"fontvariants\";a:0:{}}}s:10:\"gfonts_url\";s:0:\"\";s:12:\"gfonts_files\";a:0:{}s:14:\"uag_faq_layout\";b:0;}"]},"uagb_featured_image_src":{"full":["https:\/\/monopolele.com\/wp-content\/uploads\/2025\/03\/unisex-organic-cotton-t-shirt-black-front-67cd6fcba5e8c.jpg",2000,2000,false],"thumbnail":["https:\/\/monopolele.com\/wp-content\/uploads\/2025\/03\/unisex-organic-cotton-t-shirt-black-front-67cd6fcba5e8c-150x150.jpg",150,150,true],"medium":["https:\/\/monopolele.com\/wp-content\/uploads\/2025\/03\/unisex-organic-cotton-t-shirt-black-front-67cd6fcba5e8c-300x300.jpg",300,300,true],"medium_large":["https:\/\/monopolele.com\/wp-content\/uploads\/2025\/03\/unisex-organic-cotton-t-shirt-black-front-67cd6fcba5e8c-768x768.jpg",768,768,true],"large":["https:\/\/monopolele.com\/wp-content\/uploads\/2025\/03\/unisex-organic-cotton-t-shirt-black-front-67cd6fcba5e8c-1024x1024.jpg",1024,1024,true],"1536x1536":["https:\/\/monopolele.com\/wp-content\/uploads\/2025\/03\/unisex-organic-cotton-t-shirt-black-front-67cd6fcba5e8c-1536x1536.jpg",1536,1536,true],"2048x2048":["https:\/\/monopolele.com\/wp-content\/uploads\/2025\/03\/unisex-organic-cotton-t-shirt-black-front-67cd6fcba5e8c.jpg",2000,2000,false],"trp-custom-language-flag":["https:\/\/monopolele.com\/wp-content\/uploads\/2025\/03\/unisex-organic-cotton-t-shirt-black-front-67cd6fcba5e8c.jpg",12,12,false],"woocommerce_thumbnail":["https:\/\/monopolele.com\/wp-content\/uploads\/2025\/03\/unisex-organic-cotton-t-shirt-black-front-67cd6fcba5e8c-300x300.jpg",300,300,true],"woocommerce_single":["https:\/\/monopolele.com\/wp-content\/uploads\/2025\/03\/unisex-organic-cotton-t-shirt-black-front-67cd6fcba5e8c-600x600.jpg",600,600,true],"woocommerce_gallery_thumbnail":["https:\/\/monopolele.com\/wp-content\/uploads\/2025\/03\/unisex-organic-cotton-t-shirt-black-front-67cd6fcba5e8c-100x100.jpg",100,100,true]},"uagb_author_info":{"display_name":"admin","author_link":"https:\/\/monopolele.com\/it\/author\/"},"uagb_comment_info":0,"uagb_excerpt":"Made from 100% organic ring-spun cotton, this unisex t-shirt is a total must-have. It&#8217;s high-quality, super comfy, and best of [&hellip;]","_links":{"self":[{"href":"https:\/\/monopolele.com\/it\/wp-json\/wp\/v2\/product\/5221","targetHints":{"allow":["GET"]}}],"collection":[{"href":"https:\/\/monopolele.com\/it\/wp-json\/wp\/v2\/product"}],"about":[{"href":"https:\/\/monopolele.com\/it\/wp-json\/wp\/v2\/types\/product"}],"wp:featuredmedia":[{"embeddable":true,"href":"https:\/\/monopolele.com\/it\/wp-json\/wp\/v2\/media\/5240"}],"wp:attachment":[{"href":"https:\/\/monopolele.com\/it\/wp-json\/wp\/v2\/media?parent=5221"}],"wp:term":[{"taxonomy":"product_brand","embeddable":true,"href":"https:\/\/monopolele.com\/it\/wp-json\/wp\/v2\/product_brand?post=5221"},{"taxonomy":"product_cat","embeddable":true,"href":"https:\/\/monopolele.com\/it\/wp-json\/wp\/v2\/product_cat?post=5221"},{"taxonomy":"product_tag","embeddable":true,"href":"https:\/\/monopolele.com\/it\/wp-json\/wp\/v2\/product_tag?post=5221"}],"curies":[{"name":"wp","href":"https:\/\/api.w.org\/{rel}","templated":true}]}}