{"id":5280,"date":"2025-03-09T11:49:53","date_gmt":"2025-03-09T10:49:53","guid":{"rendered":"https:\/\/monopolele.com\/product\/monopolele-logo-unisex-hoodie\/"},"modified":"2025-03-10T14:54:46","modified_gmt":"2025-03-10T13:54:46","slug":"felpa-con-cappuccio-unisex-con-logo-monopolio","status":"publish","type":"product","link":"https:\/\/monopolele.com\/it\/product\/monopolele-logo-unisex-hoodie\/","title":{"rendered":"Logo Monopolele - Felpa con cappuccio unisex"},"content":{"rendered":"<p>Tutti hanno bisogno di una felpa accogliente con cui raggomitolarsi, quindi sceglietene una morbida, liscia ed elegante. \u00c8 la scelta perfetta per le serate pi\u00f9 fresche!<\/p>\n<p>- 50% cotone pre-ristretto, 50% poliestere<br \/>\nHeather Sport Dark Navy \u00e8 in cotone 40%, poliestere 60%.<br \/>\n- Peso del tessuto: 8,0 oz\/yd\u00b2 (271,25 g\/m\u00b2)<br \/>\n- Filato a getto d'aria con sensazione di morbidezza e riduzione del pilling<br \/>\n- Cappuccio bifoderato con cordoncino in tinta<br \/>\n- Corpo girato di un quarto per evitare la piega al centro<br \/>\n- 1 \u00d7 1 polsini e vita a costine atletiche con spandex<br \/>\n- Tasca frontale a marsupio<br \/>\n- Colletto, spalle, giromanica, polsini e orlo sono cuciti con doppio ago.<br \/>\n- Prodotto vuoto proveniente da Bangladesh, Nicaragua, Honduras o El Salvador<\/p>\n<p>Disclaimer: a causa delle propriet\u00e0 del tessuto, la variante di colore White pu\u00f2 apparire bianco sporco anzich\u00e9 bianco brillante.<\/p>\n<p>Questo prodotto viene realizzato appositamente per voi non appena effettuate l'ordine, per questo ci vuole un po' pi\u00f9 di tempo per consegnarvelo. La produzione di prodotti su richiesta invece che all'ingrosso aiuta a ridurre la sovrapproduzione, quindi vi ringraziamo per le vostre scelte di acquisto ponderate!<\/p>\n<p>Limiti di et\u00e0: Per gli adulti<br \/>\nGaranzia UE: 2 anni<br \/>\nAltre informazioni sulla conformit\u00e0: Soddisfa i requisiti di formaldeide, infiammabilit\u00e0, piombo, cadmio e ftalati.<\/p>\n<p>In conformit\u00e0 con il Regolamento generale sulla sicurezza dei prodotti (GPSR), <b>Associazione Voltare Pagina ETS<\/b> garantisce che tutti i prodotti di consumo offerti siano sicuri e conformi agli standard dell'UE. Per qualsiasi richiesta o dubbio relativo alla sicurezza dei prodotti, contattateci all'indirizzo <b>mauro@voltarepagina.org<\/b> o scriveteci <b>Via Zacchia 7, 00161 Roma, Italia.<b><\/b><\/b><\/p>","protected":false},"excerpt":{"rendered":"<p>Everyone needs a cozy go-to hoodie to curl up in, so go for one that&#8217;s soft, smooth, and stylish. It&#8217;s [&hellip;]<\/p>\n","protected":false},"featured_media":5299,"template":"","meta":{"_seopress_robots_primary_cat":"none","_seopress_titles_title":"","_seopress_titles_desc":"","_seopress_robots_index":"","_uag_custom_page_level_css":"","_monsterinsights_skip_tracking":false,"_monsterinsights_sitenote_active":false,"_monsterinsights_sitenote_note":"","_monsterinsights_sitenote_category":0,"site-sidebar-layout":"default","site-content-layout":"","ast-site-content-layout":"default","site-content-style":"default","site-sidebar-style":"default","ast-global-header-display":"","ast-banner-title-visibility":"","ast-main-header-display":"","ast-hfb-above-header-display":"","ast-hfb-below-header-display":"","ast-hfb-mobile-header-display":"","site-post-title":"","ast-breadcrumbs-content":"","ast-featured-img":"","footer-sml-layout":"","ast-disable-related-posts":"","theme-transparent-header-meta":"default","adv-header-id-meta":"","stick-header-meta":"","header-above-stick-meta":"","header-main-stick-meta":"","header-below-stick-meta":"","astra-migrate-meta-layouts":"set","ast-page-background-enabled":"default","ast-page-background-meta":{"desktop":{"background-color":"var(--ast-global-color-4)","background-image":"","background-repeat":"repeat","background-position":"center center","background-size":"auto","background-attachment":"scroll","background-type":"","background-media":"","overlay-type":"","overlay-color":"","overlay-opacity":"","overlay-gradient":""},"tablet":{"background-color":"","background-image":"","background-repeat":"repeat","background-position":"center center","background-size":"auto","background-attachment":"scroll","background-type":"","background-media":"","overlay-type":"","overlay-color":"","overlay-opacity":"","overlay-gradient":""},"mobile":{"background-color":"","background-image":"","background-repeat":"repeat","background-position":"center center","background-size":"auto","background-attachment":"scroll","background-type":"","background-media":"","overlay-type":"","overlay-color":"","overlay-opacity":"","overlay-gradient":""}},"ast-content-background-meta":{"desktop":{"background-color":"var(--ast-global-color-5)","background-image":"","background-repeat":"repeat","background-position":"center center","background-size":"auto","background-attachment":"scroll","background-type":"","background-media":"","overlay-type":"","overlay-color":"","overlay-opacity":"","overlay-gradient":""},"tablet":{"background-color":"var(--ast-global-color-5)","background-image":"","background-repeat":"repeat","background-position":"center center","background-size":"auto","background-attachment":"scroll","background-type":"","background-media":"","overlay-type":"","overlay-color":"","overlay-opacity":"","overlay-gradient":""},"mobile":{"background-color":"var(--ast-global-color-5)","background-image":"","background-repeat":"repeat","background-position":"center center","background-size":"auto","background-attachment":"scroll","background-type":"","background-media":"","overlay-type":"","overlay-color":"","overlay-opacity":"","overlay-gradient":""}}},"product_brand":[],"product_cat":[189],"product_tag":[],"class_list":{"0":"post-5280","1":"product","2":"type-product","3":"status-publish","4":"has-post-thumbnail","6":"product_cat-hoodies","7":"desktop-align-left","8":"tablet-align-left","9":"mobile-align-left","11":"first","12":"instock","13":"shipping-taxable","14":"purchasable","15":"product-type-variable"},"spectra_custom_meta":{"_wpv_contains_gutenberg_views":[""],"total_sales":["4"],"_tax_status":["taxable"],"_tax_class":[""],"_manage_stock":["no"],"_backorders":["no"],"_sold_individually":["no"],"_virtual":["no"],"_downloadable":["no"],"_download_limit":["-1"],"_download_expiry":["-1"],"_stock":[null],"_stock_status":["instock"],"_wc_average_rating":["0"],"_wc_review_count":["0"],"_product_attributes":["a:2:{s:8:\"pa_color\";a:6:{s:4:\"name\";s:8:\"pa_color\";s:5:\"value\";s:0:\"\";s:8:\"position\";i:0;s:10:\"is_visible\";i:0;s:12:\"is_variation\";i:1;s:11:\"is_taxonomy\";i:1;}s:7:\"pa_size\";a:6:{s:4:\"name\";s:7:\"pa_size\";s:5:\"value\";s:0:\"\";s:8:\"position\";i:1;s:10:\"is_visible\";i:0;s:12:\"is_variation\";i:1;s:11:\"is_taxonomy\";i:1;}}"],"_product_version":["9.7.0"],"pf_advanced_size_chart":["{\"locale\":\"en_US\",\"availableSizes\":[\"S\",\"M\",\"L\",\"XL\",\"2XL\",\"3XL\",\"4XL\",\"5XL\"],\"modelMeasurements\":{\"description\":\"<p>Measurements are provided by suppliers.<\\\/p>\\n<p>Product measurements may vary by up to 2\\\" (5 cm).<\\\/p>\",\"imageDescription\":\"<p><strong>A Length<\\\/strong><\\\/p>\\n<p>&nbsp;<\\\/p>\\n<p dir=\\\"ltr\\\">Place the end of a measuring tape beside the collar at the top of the garment (high point shoulder). Pull the tape to the bottom of the item.<\\\/p>\\n<p><strong>B Chest<\\\/strong><\\\/p>\\n<p>Measure yourself around the fullest part of your chest. Keep the measuring tape horizontal.<\\\/p>\\n<p><strong>C Sleeve length<\\\/strong><\\\/p>\\n<p>Place the end of a measuring tape at the center back of the collar, then pull the tape along the top seam of the sleeve. When you get to the shoulder hold the tape in place at the shoulder and continue to pull down the sleeve until you reach the hem of the sleeve.<\\\/p>\",\"modelDescription\":\"\",\"sizeTableDescription\":\"Product measurements may vary by up to 2\\\" (5 cm).\",\"sizeTableRows\":[{\"unit\":\"inch\",\"unitName\":\"Inches\",\"title\":\"Length\",\"sizes\":{\"S\":[27],\"M\":[28],\"L\":[29],\"XL\":[30],\"2XL\":[31],\"3XL\":[32],\"4XL\":[33],\"5XL\":[34]}},{\"unit\":\"centimeter\",\"unitName\":\"Centimeters\",\"title\":\"Length\",\"sizes\":{\"S\":[68.5799999999999982946974341757595539093017578125],\"M\":[71.1200000000000045474735088646411895751953125],\"L\":[73.659999999999996589394868351519107818603515625],\"XL\":[76.2000000000000028421709430404007434844970703125],\"2XL\":[78.7399999999999948840923025272786617279052734375],\"3XL\":[81.280000000000001136868377216160297393798828125],\"4XL\":[83.81999999999999317878973670303821563720703125],\"5XL\":[86.3599999999999994315658113919198513031005859375]}},{\"unit\":\"inch\",\"unitName\":\"Inches\",\"title\":\"Chest\",\"sizes\":{\"S\":[38,41],\"M\":[42,45],\"L\":[46,49],\"XL\":[50,53],\"2XL\":[54,57],\"3XL\":[58,61],\"4XL\":[62,65],\"5XL\":[66,69]}},{\"unit\":\"centimeter\",\"unitName\":\"Centimeters\",\"title\":\"Chest\",\"sizes\":{\"S\":[96.5199999999999960209606797434389591217041015625,104.1400000000000005684341886080801486968994140625],\"M\":[106.68000000000000682121026329696178436279296875,114.2999999999999971578290569595992565155029296875],\"L\":[116.840000000000003410605131648480892181396484375,124.4599999999999937472239253111183643341064453125],\"XL\":[127,134.6200000000000045474735088646411895751953125],\"2XL\":[137.159999999999996589394868351519107818603515625,144.780000000000001136868377216160297393798828125],\"3XL\":[147.31999999999999317878973670303821563720703125,154.93999999999999772626324556767940521240234375],\"4XL\":[157.479999999999989768184605054557323455810546875,165.099999999999994315658113919198513031005859375],\"5XL\":[167.6399999999999863575794734060764312744140625,175.259999999999990905052982270717620849609375]}},{\"unit\":\"inch\",\"unitName\":\"Inches\",\"title\":\"Sleeve length\",\"sizes\":{\"S\":[33.5],\"M\":[34.5],\"L\":[35.5],\"XL\":[36.5],\"2XL\":[37.5],\"3XL\":[38.5],\"4XL\":[39.5],\"5XL\":[40.5]}},{\"unit\":\"centimeter\",\"unitName\":\"Centimeters\",\"title\":\"Sleeve length\",\"sizes\":{\"S\":[85.090000000000003410605131648480892181396484375],\"M\":[87.6299999999999954525264911353588104248046875],\"L\":[90.1700000000000017053025658242404460906982421875],\"XL\":[92.7099999999999937472239253111183643341064453125],\"2XL\":[95.25],\"3XL\":[97.7900000000000062527760746888816356658935546875],\"4XL\":[100.3299999999999982946974341757595539093017578125],\"5XL\":[102.8700000000000045474735088646411895751953125]}}],\"imageId\":5281},\"productMeasurements\":{\"description\":\"<p>Measurements are provided by suppliers.<\\\/p>\\n<p>Product measurements may vary by up to 2\\\" (5 cm).<\\\/p>\",\"imageDescription\":\"<p><strong>A Length<\\\/strong><\\\/p>\\n<p>&nbsp;<\\\/p>\\n<p dir=\\\"ltr\\\">Place the end of a measuring tape beside the collar at the top of the garment (high point shoulder). Pull the tape to the bottom of the item.<\\\/p>\\n<p><strong>B Chest<\\\/strong><\\\/p>\\n<p>Measure yourself around the fullest part of your chest. Keep the measuring tape horizontal.<\\\/p>\\n<p><strong>C Sleeve length<\\\/strong><\\\/p>\\n<p>Place the end of a measuring tape at the center back of the collar, then pull the tape along the top seam of the sleeve. When you get to the shoulder hold the tape in place at the shoulder and continue to pull down the sleeve until you reach the hem of the sleeve.<\\\/p>\",\"sizeTableDescription\":\"Product measurements may vary by up to 2\\\" (5 cm).\",\"internationalSizeTableDescription\":\"\",\"sizeTableRows\":[{\"unit\":\"inch\",\"unitName\":\"Inches\",\"title\":\"Length\",\"sizes\":{\"S\":[27],\"M\":[28],\"L\":[29],\"XL\":[30],\"2XL\":[31],\"3XL\":[32],\"4XL\":[33],\"5XL\":[34]}},{\"unit\":\"centimeter\",\"unitName\":\"Centimeters\",\"title\":\"Length\",\"sizes\":{\"S\":[68.5799999999999982946974341757595539093017578125],\"M\":[71.1200000000000045474735088646411895751953125],\"L\":[73.659999999999996589394868351519107818603515625],\"XL\":[76.2000000000000028421709430404007434844970703125],\"2XL\":[78.7399999999999948840923025272786617279052734375],\"3XL\":[81.280000000000001136868377216160297393798828125],\"4XL\":[83.81999999999999317878973670303821563720703125],\"5XL\":[86.3599999999999994315658113919198513031005859375]}},{\"unit\":\"inch\",\"unitName\":\"Inches\",\"title\":\"Width\",\"sizes\":{\"S\":[20],\"M\":[22],\"L\":[24],\"XL\":[26],\"2XL\":[28],\"3XL\":[30],\"4XL\":[32],\"5XL\":[34]}},{\"unit\":\"centimeter\",\"unitName\":\"Centimeters\",\"title\":\"Width\",\"sizes\":{\"S\":[50.7999999999999971578290569595992565155029296875],\"M\":[55.88000000000000255795384873636066913604736328125],\"L\":[60.96000000000000085265128291212022304534912109375],\"XL\":[66.0400000000000062527760746888816356658935546875],\"2XL\":[71.1200000000000045474735088646411895751953125],\"3XL\":[76.2000000000000028421709430404007434844970703125],\"4XL\":[81.280000000000001136868377216160297393798828125],\"5XL\":[86.3599999999999994315658113919198513031005859375]}},{\"unit\":\"inch\",\"unitName\":\"Inches\",\"title\":\"Sleeve length\",\"sizes\":{\"S\":[33.5],\"M\":[34.5],\"L\":[35.5],\"XL\":[36.5],\"2XL\":[37.5],\"3XL\":[38.5],\"4XL\":[39.5],\"5XL\":[40.5]}},{\"unit\":\"centimeter\",\"unitName\":\"Centimeters\",\"title\":\"Sleeve length\",\"sizes\":{\"S\":[85.090000000000003410605131648480892181396484375],\"M\":[87.6299999999999954525264911353588104248046875],\"L\":[90.1700000000000017053025658242404460906982421875],\"XL\":[92.7099999999999937472239253111183643341064453125],\"2XL\":[95.25],\"3XL\":[97.7900000000000062527760746888816356658935546875],\"4XL\":[100.3299999999999982946974341757595539093017578125],\"5XL\":[102.8700000000000045474735088646411895751953125]}}],\"internationalSizeTableRows\":[],\"imageId\":5282}}"],"_product_image_gallery":["5300,5301,5302,5303,5304,5305,5306,5307,5308,5309,5310,5311,5312,5313,5314"],"_thumbnail_id":["5299"],"_price":["35"],"_edit_lock":["1741614758:1"],"_edit_last":["1"],"_monsterinsights_sitenote_active":["0"],"_seopress_robots_primary_cat":["none"],"_seopress_redirections_type":["301"],"_seopress_redirections_logged_status":["both"],"_seopress_analysis_target_kw":[""],"site-sidebar-layout":["default"],"ast-site-content-layout":["default"],"site-content-style":["default"],"site-sidebar-style":["default"],"theme-transparent-header-meta":["default"],"astra-migrate-meta-layouts":["set"],"_uag_css_file_name":["uag-css-5280.css"],"_uag_page_assets":["a:9:{s:3:\"css\";s:0:\"\";s:2:\"js\";s:0:\"\";s:18:\"current_block_list\";a:7:{i:0;s:11:\"core\/search\";i:1;s:10:\"core\/group\";i:2;s:12:\"core\/heading\";i:3;s:17:\"core\/latest-posts\";i:4;s:20:\"core\/latest-comments\";i:5;s:13:\"core\/archives\";i:6;s:15:\"core\/categories\";}s:8:\"uag_flag\";b:0;s:11:\"uag_version\";i:1776177856;s:6:\"gfonts\";a:1:{s:7:\"Default\";a:2:{s:10:\"fontfamily\";s:7:\"Default\";s:12:\"fontvariants\";a:0:{}}}s:10:\"gfonts_url\";s:0:\"\";s:12:\"gfonts_files\";a:0:{}s:14:\"uag_faq_layout\";b:0;}"]},"uagb_featured_image_src":{"full":["https:\/\/monopolele.com\/wp-content\/uploads\/2025\/03\/unisex-heavy-blend-hoodie-black-front-67cd723bd9a73.jpg",2000,2000,false],"thumbnail":["https:\/\/monopolele.com\/wp-content\/uploads\/2025\/03\/unisex-heavy-blend-hoodie-black-front-67cd723bd9a73-150x150.jpg",150,150,true],"medium":["https:\/\/monopolele.com\/wp-content\/uploads\/2025\/03\/unisex-heavy-blend-hoodie-black-front-67cd723bd9a73-300x300.jpg",300,300,true],"medium_large":["https:\/\/monopolele.com\/wp-content\/uploads\/2025\/03\/unisex-heavy-blend-hoodie-black-front-67cd723bd9a73-768x768.jpg",768,768,true],"large":["https:\/\/monopolele.com\/wp-content\/uploads\/2025\/03\/unisex-heavy-blend-hoodie-black-front-67cd723bd9a73-1024x1024.jpg",1024,1024,true],"1536x1536":["https:\/\/monopolele.com\/wp-content\/uploads\/2025\/03\/unisex-heavy-blend-hoodie-black-front-67cd723bd9a73-1536x1536.jpg",1536,1536,true],"2048x2048":["https:\/\/monopolele.com\/wp-content\/uploads\/2025\/03\/unisex-heavy-blend-hoodie-black-front-67cd723bd9a73.jpg",2000,2000,false],"trp-custom-language-flag":["https:\/\/monopolele.com\/wp-content\/uploads\/2025\/03\/unisex-heavy-blend-hoodie-black-front-67cd723bd9a73.jpg",12,12,false],"woocommerce_thumbnail":["https:\/\/monopolele.com\/wp-content\/uploads\/2025\/03\/unisex-heavy-blend-hoodie-black-front-67cd723bd9a73-300x300.jpg",300,300,true],"woocommerce_single":["https:\/\/monopolele.com\/wp-content\/uploads\/2025\/03\/unisex-heavy-blend-hoodie-black-front-67cd723bd9a73-600x600.jpg",600,600,true],"woocommerce_gallery_thumbnail":["https:\/\/monopolele.com\/wp-content\/uploads\/2025\/03\/unisex-heavy-blend-hoodie-black-front-67cd723bd9a73-100x100.jpg",100,100,true]},"uagb_author_info":{"display_name":"admin","author_link":"https:\/\/monopolele.com\/it\/author\/"},"uagb_comment_info":0,"uagb_excerpt":"Everyone needs a cozy go-to hoodie to curl up in, so go for one that&#8217;s soft, smooth, and stylish. It&#8217;s [&hellip;]","_links":{"self":[{"href":"https:\/\/monopolele.com\/it\/wp-json\/wp\/v2\/product\/5280","targetHints":{"allow":["GET"]}}],"collection":[{"href":"https:\/\/monopolele.com\/it\/wp-json\/wp\/v2\/product"}],"about":[{"href":"https:\/\/monopolele.com\/it\/wp-json\/wp\/v2\/types\/product"}],"wp:featuredmedia":[{"embeddable":true,"href":"https:\/\/monopolele.com\/it\/wp-json\/wp\/v2\/media\/5299"}],"wp:attachment":[{"href":"https:\/\/monopolele.com\/it\/wp-json\/wp\/v2\/media?parent=5280"}],"wp:term":[{"taxonomy":"product_brand","embeddable":true,"href":"https:\/\/monopolele.com\/it\/wp-json\/wp\/v2\/product_brand?post=5280"},{"taxonomy":"product_cat","embeddable":true,"href":"https:\/\/monopolele.com\/it\/wp-json\/wp\/v2\/product_cat?post=5280"},{"taxonomy":"product_tag","embeddable":true,"href":"https:\/\/monopolele.com\/it\/wp-json\/wp\/v2\/product_tag?post=5280"}],"curies":[{"name":"wp","href":"https:\/\/api.w.org\/{rel}","templated":true}]}}