{"id":6982,"date":"2026-04-14T14:27:06","date_gmt":"2026-04-14T13:27:06","guid":{"rendered":"https:\/\/monopolele.com\/?post_type=product&#038;p=6982"},"modified":"2026-04-14T14:27:06","modified_gmt":"2026-04-14T13:27:06","slug":"ukulele-soprano-a-manico-lungo-di-todo","status":"publish","type":"product","link":"https:\/\/monopolele.com\/it\/product\/monopolele-ukulele-soprano-long-neck-by-todo\/","title":{"rendered":"Ukulele Soprano Monopolele a collo lungo di Todo"},"content":{"rendered":"<p data-start=\"676\" data-end=\"1110\">L'Ukulele Soprano Long Neck di Monopolele, nato dalla straordinaria collaborazione con TODO Music, combina il fascino brillante e immediato di un soprano con il comfort e la versatilit\u00e0 di un manico pi\u00f9 lungo. Caratterizzato da una grafica esclusiva di Franky Macr\u00ec - lo stesso artista che ha realizzato il design dello scorso anno - questo strumento porta avanti l'identit\u00e0 visiva di Monopolele con stile, personalit\u00e0 e un inconfondibile spirito da festival.<\/p>\n<p data-start=\"1112\" data-end=\"1487\">Siamo profondamente, sinceramente, enormemente grati a TODO Music per aver reso possibile questa collaborazione e per aver abbracciato il progetto Monopolele con tanta generosit\u00e0, entusiasmo e fiducia. Un ringraziamento particolarmente sentito va a Franky Macr\u00ec, la cui creativit\u00e0 ha dato ancora una volta forma e anima a questo ukulele con un design che sembra immediatamente vivo, vibrante e unico.<\/p>\n<p data-start=\"1489\" data-end=\"1779\">Comodo da suonare, di grande impatto visivo e pieno di carattere, questo ukulele \u00e8 una gioia per i principianti e per i suonatori esperti. Leggero, stimolante e costruito per vere avventure musicali, \u00e8 molto pi\u00f9 di uno strumento: \u00e8 un piccolo pezzo di Monopolele da portare sempre con s\u00e9.<\/p>","protected":false},"excerpt":{"rendered":"<p>The Monopolele Soprano Long Neck Ukulele, created through an extraordinary partnership with TODO Music, combines the bright, immediate charm of [&hellip;]<\/p>\n","protected":false},"featured_media":6985,"template":"","meta":{"_seopress_robots_primary_cat":"","_seopress_titles_title":"","_seopress_titles_desc":"","_seopress_robots_index":"","_uag_custom_page_level_css":"","_monsterinsights_skip_tracking":false,"_monsterinsights_sitenote_active":false,"_monsterinsights_sitenote_note":"","_monsterinsights_sitenote_category":0,"site-sidebar-layout":"default","site-content-layout":"","ast-site-content-layout":"default","site-content-style":"default","site-sidebar-style":"default","ast-global-header-display":"","ast-banner-title-visibility":"","ast-main-header-display":"","ast-hfb-above-header-display":"","ast-hfb-below-header-display":"","ast-hfb-mobile-header-display":"","site-post-title":"","ast-breadcrumbs-content":"","ast-featured-img":"","footer-sml-layout":"","ast-disable-related-posts":"","theme-transparent-header-meta":"default","adv-header-id-meta":"","stick-header-meta":"","header-above-stick-meta":"","header-main-stick-meta":"","header-below-stick-meta":"","astra-migrate-meta-layouts":"set","ast-page-background-enabled":"default","ast-page-background-meta":{"desktop":{"background-color":"var(--ast-global-color-4)","background-image":"","background-repeat":"repeat","background-position":"center center","background-size":"auto","background-attachment":"scroll","background-type":"","background-media":"","overlay-type":"","overlay-color":"","overlay-opacity":"","overlay-gradient":""},"tablet":{"background-color":"","background-image":"","background-repeat":"repeat","background-position":"center center","background-size":"auto","background-attachment":"scroll","background-type":"","background-media":"","overlay-type":"","overlay-color":"","overlay-opacity":"","overlay-gradient":""},"mobile":{"background-color":"","background-image":"","background-repeat":"repeat","background-position":"center center","background-size":"auto","background-attachment":"scroll","background-type":"","background-media":"","overlay-type":"","overlay-color":"","overlay-opacity":"","overlay-gradient":""}},"ast-content-background-meta":{"desktop":{"background-color":"var(--ast-global-color-5)","background-image":"","background-repeat":"repeat","background-position":"center center","background-size":"auto","background-attachment":"scroll","background-type":"","background-media":"","overlay-type":"","overlay-color":"","overlay-opacity":"","overlay-gradient":""},"tablet":{"background-color":"var(--ast-global-color-5)","background-image":"","background-repeat":"repeat","background-position":"center center","background-size":"auto","background-attachment":"scroll","background-type":"","background-media":"","overlay-type":"","overlay-color":"","overlay-opacity":"","overlay-gradient":""},"mobile":{"background-color":"var(--ast-global-color-5)","background-image":"","background-repeat":"repeat","background-position":"center center","background-size":"auto","background-attachment":"scroll","background-type":"","background-media":"","overlay-type":"","overlay-color":"","overlay-opacity":"","overlay-gradient":""}}},"product_brand":[],"product_cat":[245,194],"product_tag":[],"class_list":{"0":"post-6982","1":"product","2":"type-product","3":"status-publish","4":"has-post-thumbnail","6":"product_cat-monopolele-2026","7":"product_cat-ukulele","8":"desktop-align-left","9":"tablet-align-left","10":"mobile-align-left","12":"first","13":"instock","14":"shipping-taxable","15":"purchasable","16":"product-type-simple"},"spectra_custom_meta":{"_uagb_previous_block_counts":["a:90:{s:21:\"uagb\/advanced-heading\";i:0;s:15:\"uagb\/blockquote\";i:0;s:12:\"uagb\/buttons\";i:0;s:18:\"uagb\/buttons-child\";i:0;s:19:\"uagb\/call-to-action\";i:0;s:15:\"uagb\/cf7-styler\";i:0;s:11:\"uagb\/column\";i:0;s:12:\"uagb\/columns\";i:0;s:14:\"uagb\/container\";i:0;s:21:\"uagb\/content-timeline\";i:0;s:27:\"uagb\/content-timeline-child\";i:0;s:14:\"uagb\/countdown\";i:0;s:12:\"uagb\/counter\";i:0;s:8:\"uagb\/faq\";i:0;s:14:\"uagb\/faq-child\";i:0;s:10:\"uagb\/forms\";i:0;s:17:\"uagb\/forms-accept\";i:0;s:19:\"uagb\/forms-checkbox\";i:0;s:15:\"uagb\/forms-date\";i:0;s:16:\"uagb\/forms-email\";i:0;s:17:\"uagb\/forms-hidden\";i:0;s:15:\"uagb\/forms-name\";i:0;s:16:\"uagb\/forms-phone\";i:0;s:16:\"uagb\/forms-radio\";i:0;s:17:\"uagb\/forms-select\";i:0;s:19:\"uagb\/forms-textarea\";i:0;s:17:\"uagb\/forms-toggle\";i:0;s:14:\"uagb\/forms-url\";i:0;s:14:\"uagb\/gf-styler\";i:0;s:15:\"uagb\/google-map\";i:0;s:11:\"uagb\/how-to\";i:0;s:16:\"uagb\/how-to-step\";i:0;s:9:\"uagb\/icon\";i:0;s:14:\"uagb\/icon-list\";i:0;s:20:\"uagb\/icon-list-child\";i:0;s:10:\"uagb\/image\";i:0;s:18:\"uagb\/image-gallery\";i:0;s:13:\"uagb\/info-box\";i:0;s:18:\"uagb\/inline-notice\";i:0;s:11:\"uagb\/lottie\";i:0;s:21:\"uagb\/marketing-button\";i:0;s:10:\"uagb\/modal\";i:0;s:18:\"uagb\/popup-builder\";i:0;s:16:\"uagb\/post-button\";i:0;s:18:\"uagb\/post-carousel\";i:0;s:17:\"uagb\/post-excerpt\";i:0;s:14:\"uagb\/post-grid\";i:0;s:15:\"uagb\/post-image\";i:0;s:17:\"uagb\/post-masonry\";i:0;s:14:\"uagb\/post-meta\";i:0;s:18:\"uagb\/post-taxonomy\";i:0;s:18:\"uagb\/post-timeline\";i:0;s:15:\"uagb\/post-title\";i:0;s:20:\"uagb\/restaurant-menu\";i:0;s:26:\"uagb\/restaurant-menu-child\";i:0;s:11:\"uagb\/review\";i:0;s:12:\"uagb\/section\";i:0;s:14:\"uagb\/separator\";i:0;s:11:\"uagb\/slider\";i:0;s:17:\"uagb\/slider-child\";i:0;s:17:\"uagb\/social-share\";i:0;s:23:\"uagb\/social-share-child\";i:0;s:16:\"uagb\/star-rating\";i:0;s:23:\"uagb\/sure-cart-checkout\";i:0;s:22:\"uagb\/sure-cart-product\";i:0;s:15:\"uagb\/sure-forms\";i:0;s:22:\"uagb\/table-of-contents\";i:0;s:9:\"uagb\/tabs\";i:0;s:15:\"uagb\/tabs-child\";i:0;s:18:\"uagb\/taxonomy-list\";i:0;s:9:\"uagb\/team\";i:0;s:16:\"uagb\/testimonial\";i:0;s:14:\"uagb\/wp-search\";i:0;s:19:\"uagb\/instagram-feed\";i:0;s:10:\"uagb\/login\";i:0;s:17:\"uagb\/loop-builder\";i:0;s:18:\"uagb\/loop-category\";i:0;s:20:\"uagb\/loop-pagination\";i:0;s:15:\"uagb\/loop-reset\";i:0;s:16:\"uagb\/loop-search\";i:0;s:14:\"uagb\/loop-sort\";i:0;s:17:\"uagb\/loop-wrapper\";i:0;s:13:\"uagb\/register\";i:0;s:19:\"uagb\/register-email\";i:0;s:24:\"uagb\/register-first-name\";i:0;s:23:\"uagb\/register-last-name\";i:0;s:22:\"uagb\/register-password\";i:0;s:30:\"uagb\/register-reenter-password\";i:0;s:19:\"uagb\/register-terms\";i:0;s:22:\"uagb\/register-username\";i:0;}"],"_wpv_contains_gutenberg_views":[""],"_edit_lock":["1776173594:1"],"_edit_last":["1"],"_thumbnail_id":["6985"],"_regular_price":["75"],"total_sales":["2"],"_tax_status":["taxable"],"_tax_class":[""],"_manage_stock":["no"],"_backorders":["no"],"_sold_individually":["no"],"_virtual":["no"],"_downloadable":["no"],"_download_limit":["-1"],"_download_expiry":["-1"],"_stock":[null],"_stock_status":["instock"],"_wc_average_rating":["0"],"_wc_review_count":["0"],"_product_version":["10.6.2"],"_price":["75"],"_product_image_gallery":["6986,6987,6988,6989,6990,6991,6992,6993,6994,6995,6996"],"_monsterinsights_sitenote_active":["0"],"_seopress_redirections_type":["301"],"_seopress_redirections_logged_status":["both"],"_seopress_analysis_target_kw":[""],"site-sidebar-layout":["default"],"ast-site-content-layout":["default"],"site-content-style":["default"],"site-sidebar-style":["default"],"theme-transparent-header-meta":["default"],"astra-migrate-meta-layouts":["set"],"_oembed_e39b8e197fc4963d3faacec59269eb9e":["<iframe title=\"Dona per Monopolele!\" width=\"1200\" height=\"675\" src=\"https:\/\/www.youtube.com\/embed\/krjp1chRMtg?feature=oembed\" frameborder=\"0\" allow=\"accelerometer; autoplay; clipboard-write; encrypted-media; gyroscope; picture-in-picture; web-share\" referrerpolicy=\"strict-origin-when-cross-origin\" allowfullscreen><\/iframe>"],"_oembed_time_e39b8e197fc4963d3faacec59269eb9e":["1776173235"],"_uag_css_file_name":["uag-css-6982.css"],"_uag_page_assets":["a:9:{s:3:\"css\";s:0:\"\";s:2:\"js\";s:0:\"\";s:18:\"current_block_list\";a:7:{i:0;s:11:\"core\/search\";i:1;s:10:\"core\/group\";i:2;s:12:\"core\/heading\";i:3;s:17:\"core\/latest-posts\";i:4;s:20:\"core\/latest-comments\";i:5;s:13:\"core\/archives\";i:6;s:15:\"core\/categories\";}s:8:\"uag_flag\";b:0;s:11:\"uag_version\";s:10:\"1776625702\";s:6:\"gfonts\";a:1:{s:7:\"Default\";a:2:{s:10:\"fontfamily\";s:7:\"Default\";s:12:\"fontvariants\";a:0:{}}}s:10:\"gfonts_url\";s:0:\"\";s:12:\"gfonts_files\";a:0:{}s:14:\"uag_faq_layout\";b:0;}","a:9:{s:3:\"css\";s:0:\"\";s:2:\"js\";s:0:\"\";s:18:\"current_block_list\";a:7:{i:0;s:11:\"core\/search\";i:1;s:10:\"core\/group\";i:2;s:12:\"core\/heading\";i:3;s:17:\"core\/latest-posts\";i:4;s:20:\"core\/latest-comments\";i:5;s:13:\"core\/archives\";i:6;s:15:\"core\/categories\";}s:8:\"uag_flag\";b:0;s:11:\"uag_version\";s:10:\"1776625702\";s:6:\"gfonts\";a:1:{s:7:\"Default\";a:2:{s:10:\"fontfamily\";s:7:\"Default\";s:12:\"fontvariants\";a:0:{}}}s:10:\"gfonts_url\";s:0:\"\";s:12:\"gfonts_files\";a:0:{}s:14:\"uag_faq_layout\";b:0;}"]},"uagb_featured_image_src":{"full":["https:\/\/monopolele.com\/wp-content\/uploads\/2026\/04\/WhatsApp-Image-2026-04-14-at-10.18.23.jpeg",1536,2048,false],"thumbnail":["https:\/\/monopolele.com\/wp-content\/uploads\/2026\/04\/WhatsApp-Image-2026-04-14-at-10.18.23-150x150.jpeg",150,150,true],"medium":["https:\/\/monopolele.com\/wp-content\/uploads\/2026\/04\/WhatsApp-Image-2026-04-14-at-10.18.23-225x300.jpeg",225,300,true],"medium_large":["https:\/\/monopolele.com\/wp-content\/uploads\/2026\/04\/WhatsApp-Image-2026-04-14-at-10.18.23-768x1024.jpeg",768,1024,true],"large":["https:\/\/monopolele.com\/wp-content\/uploads\/2026\/04\/WhatsApp-Image-2026-04-14-at-10.18.23-768x1024.jpeg",768,1024,true],"1536x1536":["https:\/\/monopolele.com\/wp-content\/uploads\/2026\/04\/WhatsApp-Image-2026-04-14-at-10.18.23-1152x1536.jpeg",1152,1536,true],"2048x2048":["https:\/\/monopolele.com\/wp-content\/uploads\/2026\/04\/WhatsApp-Image-2026-04-14-at-10.18.23.jpeg",1536,2048,false],"trp-custom-language-flag":["https:\/\/monopolele.com\/wp-content\/uploads\/2026\/04\/WhatsApp-Image-2026-04-14-at-10.18.23-9x12.jpeg",9,12,true],"woocommerce_thumbnail":["https:\/\/monopolele.com\/wp-content\/uploads\/2026\/04\/WhatsApp-Image-2026-04-14-at-10.18.23-300x300.jpeg",300,300,true],"woocommerce_single":["https:\/\/monopolele.com\/wp-content\/uploads\/2026\/04\/WhatsApp-Image-2026-04-14-at-10.18.23-600x800.jpeg",600,800,true],"woocommerce_gallery_thumbnail":["https:\/\/monopolele.com\/wp-content\/uploads\/2026\/04\/WhatsApp-Image-2026-04-14-at-10.18.23-100x100.jpeg",100,100,true]},"uagb_author_info":{"display_name":"admin","author_link":"https:\/\/monopolele.com\/it\/author\/"},"uagb_comment_info":0,"uagb_excerpt":"The Monopolele Soprano Long Neck Ukulele, created through an extraordinary partnership with TODO Music, combines the bright, immediate charm of [&hellip;]","_links":{"self":[{"href":"https:\/\/monopolele.com\/it\/wp-json\/wp\/v2\/product\/6982","targetHints":{"allow":["GET"]}}],"collection":[{"href":"https:\/\/monopolele.com\/it\/wp-json\/wp\/v2\/product"}],"about":[{"href":"https:\/\/monopolele.com\/it\/wp-json\/wp\/v2\/types\/product"}],"wp:featuredmedia":[{"embeddable":true,"href":"https:\/\/monopolele.com\/it\/wp-json\/wp\/v2\/media\/6985"}],"wp:attachment":[{"href":"https:\/\/monopolele.com\/it\/wp-json\/wp\/v2\/media?parent=6982"}],"wp:term":[{"taxonomy":"product_brand","embeddable":true,"href":"https:\/\/monopolele.com\/it\/wp-json\/wp\/v2\/product_brand?post=6982"},{"taxonomy":"product_cat","embeddable":true,"href":"https:\/\/monopolele.com\/it\/wp-json\/wp\/v2\/product_cat?post=6982"},{"taxonomy":"product_tag","embeddable":true,"href":"https:\/\/monopolele.com\/it\/wp-json\/wp\/v2\/product_tag?post=6982"}],"curies":[{"name":"wp","href":"https:\/\/api.w.org\/{rel}","templated":true}]}}